{"id":786,"date":"2018-11-13T22:18:27","date_gmt":"2018-11-13T20:18:27","guid":{"rendered":"http:\/\/gdl-garmisch.de\/?page_id=786"},"modified":"2018-11-13T22:48:49","modified_gmt":"2018-11-13T20:48:49","slug":"datenschutzerklaerung","status":"publish","type":"page","link":"https:\/\/gdl-garmisch.de\/index.php\/datenschutzerklaerung\/","title":{"rendered":"Datenschutzerkl\u00e4rung"},"content":{"rendered":"<h2>Wer wir sind<\/h2>\n<p>Dies ist der Internetauftritt der GDL Ortgsgruppe Garmisch-Partenkirchen.<br \/>\nDie Adresse unserer Website ist: https:\/\/gdl-garmisch.de.<\/p>\n<h2>Welche personenbezogenen Daten wir sammeln und warum wir sie sammeln<\/h2>\n<h3>IP Adresse<\/h3>\n<p>Mit einem Besuch auf dieser Webseite wird die IP Adresse in sogenannten Log Dateien bis zu 14 Tagen auf dem Server gespeichert. Dies dient der Sicherheit gegen\u00fcber potentieller Angreifer. Die Daten werden nicht an dritte weiter gegeben und nach sp\u00e4testens 14 Tagen gel\u00f6scht.<\/p>\n<h3>Cookies<\/h3>\n<p>Beim Besuch der Login Seite werden Cookies erstellt um die komplitablit\u00e4t mit alternativen Login Methoden sicherzustellen. Diese Cookies werden nach einer Stunde automatisch gel\u00f6scht.<\/p>\n<h3>Eingebettete Inhalte von anderen Websites<\/h3>\n<p>Beitr\u00e4ge auf dieser Website k\u00f6nnen eingebettete Inhalte beinhalten (z.\u00a0B. Videos, Bilder, Beitr\u00e4ge etc.). Eingebettete Inhalte von anderen Websites verhalten sich exakt so, als ob der Besucher die andere Website besucht h\u00e4tte.<\/p>\n<p>Diese Websites k\u00f6nnen Daten \u00fcber dich sammeln, Cookies benutzen, zus\u00e4tzliche Tracking-Dienste von Dritten einbetten und deine Interaktion mit diesem eingebetteten Inhalt aufzeichnen, inklusive deiner Interaktion mit dem eingebetteten Inhalt, falls du ein Konto hast und auf dieser Website angemeldet bist.<\/p>\n<h3>Analysedienste<\/h3>\n<p>Unsere Webseite nutzt keine Analysedienste wie z.B. Google Analytics.<\/p>\n<h2>Mit wem wir deine Daten teilen<\/h2>\n<p>Da wir au\u00dfer der IP Adresse keine Daten speichern, teilen wir sie auch mit niemandem.<\/p>\n<h2>Wie lange wir deine Daten speichern<\/h2>\n<p>IP Adressen werden bis zu 14 Tagen in Logdateien gespeichert und werden sp\u00e4testens dann automatisch gel\u00f6scht.<\/p>\n<h2>Wohin wir deine Daten senden<\/h2>\n<p>Besucher-Kommentare k\u00f6nnten von einem automatisierten Dienst zur Spam-Erkennung untersucht werden.<\/p>\n<h2>Deine Kontakt-Informationen<\/h2>\n<p class=\"newsbox\">Verantwortlich f\u00fcr den Inhalt:<br \/>\nGDL-Ortsgruppe Garmisch-Partenirchen, vertreten durch ihren Vorsitzenden<\/p>\n<p><b><span class=\"headline\">Peter Helbig<\/span><\/b><br \/>\ninfo@gdl-garmisch.de<\/p>\n<p class=\"newsbox\"><b><span class=\"headline\">Die Ortsgruppe ist postalisch erreichbar \u00fcber:<\/span><\/b><br \/>\ndie Gesch\u00e4ft\u00dftelle des GDL-Bezirkes Bayern<br \/>\nKarlstr. 54a<br \/>\n80333 M\u00fcnchen<\/p>\n<p>Die Ortsgruppe ist telefonisch erreichbar \u00fcber:<br \/>\n0171\/7654211<\/p>\n<p>Webmaster:<br \/>\nPeter Helbig<br \/>\nVorsitzender der GDL-Ortsgruppe Garmisch-Partenkirchen<\/p>\n","protected":false},"excerpt":{"rendered":"<div class=\"mh-excerpt\"><p>Wer wir sind Dies ist der Internetauftritt der GDL Ortgsgruppe Garmisch-Partenkirchen. Die Adresse unserer Website ist: https:\/\/gdl-garmisch.de. Welche personenbezogenen Daten wir sammeln und warum wir <a class=\"mh-excerpt-more\" href=\"https:\/\/gdl-garmisch.de\/index.php\/datenschutzerklaerung\/\" title=\"Datenschutzerkl\u00e4rung\">[&#8230;]<\/a><\/p>\n<\/div>","protected":false},"author":2,"featured_media":0,"parent":0,"menu_order":0,"comment_status":"closed","ping_status":"closed","template":"","meta":{"footnotes":""},"class_list":["post-786","page","type-page","status-publish","hentry"],"_links":{"self":[{"href":"https:\/\/gdl-garmisch.de\/index.php\/wp-json\/wp\/v2\/pages\/786","targetHints":{"allow":["GET"]}}],"collection":[{"href":"https:\/\/gdl-garmisch.de\/index.php\/wp-json\/wp\/v2\/pages"}],"about":[{"href":"https:\/\/gdl-garmisch.de\/index.php\/wp-json\/wp\/v2\/types\/page"}],"author":[{"embeddable":true,"href":"https:\/\/gdl-garmisch.de\/index.php\/wp-json\/wp\/v2\/users\/2"}],"replies":[{"embeddable":true,"href":"https:\/\/gdl-garmisch.de\/index.php\/wp-json\/wp\/v2\/comments?post=786"}],"version-history":[{"count":3,"href":"https:\/\/gdl-garmisch.de\/index.php\/wp-json\/wp\/v2\/pages\/786\/revisions"}],"predecessor-version":[{"id":804,"href":"https:\/\/gdl-garmisch.de\/index.php\/wp-json\/wp\/v2\/pages\/786\/revisions\/804"}],"wp:attachment":[{"href":"https:\/\/gdl-garmisch.de\/index.php\/wp-json\/wp\/v2\/media?parent=786"}],"curies":[{"name":"wp","href":"https:\/\/api.w.org\/{rel}","templated":true}]}}